{"id":1444,"date":"2018-03-09T17:59:12","date_gmt":"2018-03-09T20:59:12","guid":{"rendered":"http:\/\/secyt.unf.edu.ar\/?page_id=1444"},"modified":"2019-12-13T17:00:19","modified_gmt":"2019-12-13T20:00:19","slug":"boletin-eureka","status":"publish","type":"page","link":"https:\/\/secyt.unf.edu.ar\/?page_id=1444","title":{"rendered":"Bolet\u00edn EUREKA"},"content":{"rendered":"<p><a href=\"https:\/\/secyt.unf.edu.ar\/wp-content\/uploads\/2018\/03\/Bolet\u00edn-Eureka-1-.pdf\">Bolet\u00edn Eureka 1<\/a><\/p>\n<p><a href=\"https:\/\/secyt.unf.edu.ar\/wp-content\/uploads\/2018\/03\/Bolet\u00edn-Eureka-2.pdf\">Bolet\u00edn Eureka 2<\/a><\/p>\n<p><a href=\"https:\/\/secyt.unf.edu.ar\/wp-content\/uploads\/2018\/03\/Bolet\u00edn-Eureka-3.pdf\">Bolet\u00edn Eureka 3<\/a><\/p>\n<p><a href=\"https:\/\/secyt.unf.edu.ar\/wp-content\/uploads\/2018\/03\/Bolet\u00edn-Eureka-4.pdf\">Bolet\u00edn Eureka 4<\/a><\/p>\n<p><a href=\"https:\/\/secyt.unf.edu.ar\/wp-content\/uploads\/2018\/03\/Boletin-Eureka-5.pdf\">Boletin Eureka 5<\/a><\/p>\n<p><a href=\"https:\/\/secyt.unf.edu.ar\/wp-content\/uploads\/2018\/03\/Bolet\u00edn-Eureka-6.pdf\">Bolet\u00edn Eureka 6<\/a><\/p>\n<p><a href=\"https:\/\/secyt.unf.edu.ar\/wp-content\/uploads\/2018\/03\/Bolet\u00edn-Eureka-7.pdf\">Bolet\u00edn Eureka 7<\/a><\/p>\n<p><a href=\"https:\/\/secyt.unf.edu.ar\/wp-content\/uploads\/2018\/03\/Bolet\u00edn-Eureka-8.pdf\">Bolet\u00edn Eureka 8<\/a><\/p>\n<p><a href=\"https:\/\/secyt.unf.edu.ar\/wp-content\/uploads\/2018\/03\/Boletin-Eureka-9.pdf\">Boletin Eureka 9<\/a><\/p>\n<p><a href=\"https:\/\/secyt.unf.edu.ar\/wp-content\/uploads\/2018\/03\/Bolet\u00edn-Eureka-10.pdf\">Bolet\u00edn Eureka 10<\/a><\/p>\n<p><a href=\"https:\/\/secyt.unf.edu.ar\/wp-content\/uploads\/2018\/03\/Bolet\u00edn-Eureka-11.pdf\">Bolet\u00edn Eureka 11<\/a><\/p>\n<p><a href=\"https:\/\/secyt.unf.edu.ar\/wp-content\/uploads\/2018\/03\/Bolet\u00edn-Eureka-12.pdf\">Bolet\u00edn Eureka 12<\/a><\/p>\n<p><a href=\"https:\/\/secyt.unf.edu.ar\/wp-content\/uploads\/2018\/03\/Bolet\u00edn-Eureka-131.pdf\">Bolet\u00edn Eureka 13<\/a><\/p>\n<p><a href=\"https:\/\/secyt.unf.edu.ar\/wp-content\/uploads\/2018\/03\/Boletin-Eureka-14.pdf\">Boletin Eureka 14<\/a><\/p>\n","protected":false},"excerpt":{"rendered":"<p>Bolet\u00edn Eureka 1 Bolet\u00edn Eureka 2 Bolet\u00edn Eureka 3 Bolet\u00edn Eureka 4 Boletin Eureka 5 Bolet\u00edn Eureka 6 Bolet\u00edn Eureka 7 Bolet\u00edn Eureka 8 Boletin Eureka 9 Bolet\u00edn Eureka 10 Bolet\u00edn Eureka 11 Bolet\u00edn Eureka 12 Bolet\u00edn Eureka 13 Boletin Eureka 14<\/p>\n","protected":false},"author":2,"featured_media":0,"parent":0,"menu_order":0,"comment_status":"open","ping_status":"open","template":"","meta":{"footnotes":""},"_links":{"self":[{"href":"https:\/\/secyt.unf.edu.ar\/index.php?rest_route=\/wp\/v2\/pages\/1444"}],"collection":[{"href":"https:\/\/secyt.unf.edu.ar\/index.php?rest_route=\/wp\/v2\/pages"}],"about":[{"href":"https:\/\/secyt.unf.edu.ar\/index.php?rest_route=\/wp\/v2\/types\/page"}],"author":[{"embeddable":true,"href":"https:\/\/secyt.unf.edu.ar\/index.php?rest_route=\/wp\/v2\/users\/2"}],"replies":[{"embeddable":true,"href":"https:\/\/secyt.unf.edu.ar\/index.php?rest_route=%2Fwp%2Fv2%2Fcomments&post=1444"}],"version-history":[{"count":12,"href":"https:\/\/secyt.unf.edu.ar\/index.php?rest_route=\/wp\/v2\/pages\/1444\/revisions"}],"predecessor-version":[{"id":1815,"href":"https:\/\/secyt.unf.edu.ar\/index.php?rest_route=\/wp\/v2\/pages\/1444\/revisions\/1815"}],"wp:attachment":[{"href":"https:\/\/secyt.unf.edu.ar\/index.php?rest_route=%2Fwp%2Fv2%2Fmedia&parent=1444"}],"curies":[{"name":"wp","href":"https:\/\/api.w.org\/{rel}","templated":true}]}}