{"id":446,"date":"2013-09-12T08:42:29","date_gmt":"2013-09-12T11:42:29","guid":{"rendered":"http:\/\/secyt.unf.edu.ar\/?page_id=446"},"modified":"2013-09-12T09:31:11","modified_gmt":"2013-09-12T12:31:11","slug":"biolab","status":"publish","type":"page","link":"https:\/\/secyt.unf.edu.ar\/?page_id=446","title":{"rendered":"BioLab"},"content":{"rendered":"<p><strong>FUNDAMENTACI\u00d3N<\/strong><br \/>\nLa Biotecnolog\u00eda Vegetal es la aplicaci\u00f3n de herramientas modernas para el mejoramiento de plantas y para la producci\u00f3n de nuevos productos. Es una de las \u00e1reas m\u00e1s novedosas y con mayor potencial en el desarrollo productivo, en especial en la b\u00fasqueda de optimizar los rendimientos a partir de las denominadas \u201cproducciones sustentables\u201d, minimizando la degradaci\u00f3n del ambiente y protegiendo los recursos naturales.<br \/>\nLa biotecnolog\u00eda es un instrumento poderoso en el desarrollo agr\u00edcola ya que ofrece grandes posibilidades, cuando se une a otras tecnolog\u00edas para aportar nuevas soluciones a antiguos problemas que obstaculizan el desarrollo rural sostenible y una seguridad alimentaria. La biotecnolog\u00eda tambi\u00e9n ofrece oportunidades \u00fanicas para solucionar problemas ecol\u00f3gicos que derivan de pr\u00e1cticas agropecuarias e industriales insostenibles.<br \/>\nLa Biotecnolog\u00eda de plantas tiene en cuenta el crecimiento de la poblaci\u00f3n mundial y su implicancia en la creciente demanda de alimentos. Estos dos factores se potencian mutuamente, conduciendo a generar una fuerte presi\u00f3n sobre los sistemas productivos, en el sentido de la mejora de los indicadores de eficiencia.<br \/>\nLa lista de posibilidades es amplia y promete grandes ventajas en la actividad agropecuaria y forestal, especialmente en los pa\u00edses en v\u00edas de desarrollo, que necesitan producir bienes y servicios sin agotar sus recursos naturales, que constituyen la base de la producci\u00f3n.<br \/>\nEn la Universidad Nacional de Formosa, el Laboratorio de Biotecnolog\u00eda de Plantas (BIOLAB) cuenta con un equipo abocado al desarrollo, a la adaptaci\u00f3n y la transferencia de t\u00e9cnicas de producci\u00f3n vegetal, con capacidad din\u00e1mica para brindar r\u00e1pidas soluciones a problem\u00e1ticas locales, asesoramiento agroforestal mediante la prestaci\u00f3n de servicios y capacitaci\u00f3n a la medida del productor.<br \/>\nEl grupo de BIOLAB est\u00e1 integrado por biotecn\u00f3logos de plantas, ingenieros forestales, tesistas y alumnos del a\u00e9rea, que entienden que la biotecnolog\u00eda vegetal incluye tanto las modernas t\u00e9cnicas de la biolog\u00eda molecular como viejas herramientas que muchas veces son desconocidas o descuidadas por los productores, en particular en lo que respecta a cultivos extensivos, permitiendo la transferencia de una mayor variedad de informaci\u00f3n gen\u00e9tica de una manera m\u00e1s precisa y controlada, a diferencia de la manera tradicional de modificar las plantas que inclu\u00eda el cruce incontrolado de cientos o miles de genes.<br \/>\n<strong>OBJETIVOS<\/strong><\/p>\n<ul>\n<li>Desarrollar tecnolog\u00edas acordes a las demandas y prioridades de la Provincia y la Regi\u00f3n.<\/li>\n<li>Prestar servicios de asistencia cient\u00edfica y t\u00e9cnica a organismos, empresas e instituciones p\u00fablicas y privadas<\/li>\n<li>Contribuir al desarrollo de conocimientos cient\u00edficos y tecnol\u00f3gicos en el sector socio productivo agrario y forestal.<\/li>\n<li>Realizar acciones de vinculaci\u00f3n tecnol\u00f3gica a trav\u00e9s de acuerdos con organismos del pa\u00eds o del exterior.<\/li>\n<li>Realizar convenios de cooperaci\u00f3n de asistencia cient\u00edfica con universidades nacionales y extranjeras.<\/li>\n<li>Transferir y desarrollar tecnolog\u00edas a la comunidad.<\/li>\n<li>Difundir los logros obtenidos a trav\u00e9s de cursos, talleres, seminarios, conferencias y publicaciones.<\/li>\n<li>Formar recursos humanos.<\/li>\n<\/ul>\n<p><strong>ESTRUCTURA DEL LABORATORIO<\/strong><br \/>\n<strong>\u00c1REA CULTIVO in vitro<\/strong><\/p>\n<ol>\n<li><strong>\u00c1rea de preparaci\u00f3n<\/strong>. Se utiliza principalmente para preparar los medios de cultivo, cuenta con un espacio para almacenar los materiales de vidrio, de pl\u00e1stico, y los reactivos qu\u00edmicos. Este ambiente posee mesas de trabajo para la preparaci\u00f3n de los medios, para colocar las balanzas, el medidor del pH, los platos calientes con agitaci\u00f3n, y otros elementos; incluye vitrinas, estanter\u00edas, espacio para el equipo de refrigeraci\u00f3n y para la incubadora o la c\u00e1mara de crecimiento.<\/li>\n<li><strong>\u00c1rea de lavado y esterilizaci\u00f3n<\/strong>. El \u00e1rea de lavado cuenta con un espacioso lavadero con agua caliente y agua fr\u00eda, una fuente de agua de alto grado de pureza, agua doblemente destilada. El \u00e1rea de esterilizaci\u00f3n posee un espacio para autoclave vertical y horizontal (de carga frontal y de enfriamiento lento y r\u00e1pido), seg\u00fan sea el volumen del material que se procese. Esta \u00e1rea posee espacio para estufas, secadores y un lavadero con agua caliente y fr\u00eda.<\/li>\n<li><strong>\u00c1rea de trasferencia<\/strong>. Se realiza el trabajo de escisi\u00f3n, inoculaci\u00f3n y trasferencia de los explantes a los medios de cultivo.<strong> La caracter\u00edstica principal es el mantenimiento de la asepsia, de vital importancia para evitar la aparici\u00f3n de cualquier microorganismo indeseado<\/strong>. Demanda el m\u00e1s alto nivel de limpieza ambiental, se instalar\u00e1n gabinetes de flujo horizontal o vertical de aire filtrado bajo presi\u00f3n en cuarto de trasferencia. Las puertas del laboratorio deber\u00e1n estar cerradas y el acceso al mismo deber\u00e1 estar restringido mientras se lleven a cabo trabajos con materiales biol\u00f3gicos.<strong> El \u00e1rea de trabajo estar\u00e1 instalada en zona alejada de las v\u00edas de paso y dedicada exclusivamente al cultivo de c\u00e9lulas y tejidos vegetales. Constar\u00e1 con sector aislado y mantendr\u00e1 un gradiente de esterilidad, desde el medio exterior o laboratorio general al interior de las cabinas de flujo donde se manipular\u00e1n los cultivos y de la incubadora donde se mantendr\u00e1n<\/strong>.<\/li>\n<li><strong>\u00c1rea de incubaci\u00f3n<\/strong>. Los cultivos se incuban en un cuarto apropiado, en gabinetes o c\u00e1maras de crecimiento; eficientes en cuanto al control ambiental, buen control de la temperatura (20-28 C\u00aa), de la iluminaci\u00f3n (variables seg\u00fan las necesidades: 1000 a 5000 lux) y de la humedad relativa (70-80 %). Se instalar\u00e1n estanter\u00edas met\u00e1licas o de madera para colocar los cultivos, con dimensiones variables: el ancho entre 0.30 m y 1.00 m, el largo, y la altura total de 1.80 m a 2.20 m; la distancia entre entr\u00e1panos es de 0.20 a 0.50 m. Esta \u00e1rea incluir\u00e1 un espacio para cultivos en agitaci\u00f3n y para cultivos est\u00e1ticos en oscuridad. La regulaci\u00f3n de la temperatura se lograr\u00e1 por medio de equipos separados de aire acondicionado. Se instalar\u00e1n alarmas y controles para cortar la iluminaci\u00f3n cuando falle el aire acondicionado.<\/li>\n<li><strong>\u00c1rea de observaci\u00f3n y examen<\/strong>. Los microscopios (est\u00e9reo, compuesto, invertido y otros) se localizar\u00e1n en el \u00e1rea de incubaci\u00f3n como en el de trasferencia. El objetivo de esta \u00e1rea es realizar observaciones peri\u00f3dicas de los cultivos, tanto en medios semis\u00f3lidos como en l\u00edquidos.<\/li>\n<li><strong>\u00c1rea de crecimiento<\/strong>. Las plantas que se regeneran en el \u00e1rea de incubaci\u00f3n se pueden acondicionar o aclimatar y luego trasplantar en macetas, bandejas o camas apropiadas. Estas operaciones se llevar\u00e1n a cabo en el invernadero de la UNaF. Despu\u00e9s del trasplante, las plantas necesitan un acondicionamiento gradual a las condiciones de campo, lo cual se puede lograr usando nebulizaci\u00f3n, c\u00e1maras h\u00famedas de pl\u00e1stico, etc.<\/li>\n<li><strong>\u00c1rea de oficinas.<\/strong><\/li>\n<\/ol>\n<p><strong>\u00c1REA BIOLOG\u00cdA MOLECULAR.<\/strong><\/p>\n<ul>\n<li>Sala de lavado y preparaci\u00f3n de soluciones.<\/li>\n<li>Sala de extracci\u00f3n y cuantificaci\u00f3n de ADN.<\/li>\n<li>Sala de amplificaci\u00f3n (PCR) y corrida electrofor\u00e9tica.<\/li>\n<\/ul>\n<p><strong>\u00c1REA DE FORMACI\u00d3N DE RECURSOS HUMANOS<\/strong><\/p>\n<ul>\n<li>Capacitaci\u00f3n de becarios.<\/li>\n<li>Capacitaci\u00f3n de pasantes de otros Centros de Investigaci\u00f3n.<\/li>\n<li>Direcci\u00f3n de tesistas.<\/li>\n<\/ul>\n<p><strong>L\u00cdNEAS DE INVESTIGACI\u00d3N:<\/strong><\/p>\n<ul>\n<li>Selecci\u00f3n y micropropagaci\u00f3n de \u00e1rboles selectos para uso forestal y especies de importancia agr\u00edcola.<\/li>\n<li>Rescate de flora nativa en extinci\u00f3n con el uso de herramientas biotecnol\u00f3gicas.<\/li>\n<li>T\u00e9cnicas de propagaci\u00f3n in vitro de especies frutales.<\/li>\n<li>T\u00e9cnicas de caracterizaci\u00f3n morfom\u00e9trica.<\/li>\n<li>Conservaci\u00f3n y multiplicaci\u00f3n ag\u00e1mica de germoplasma.<\/li>\n<\/ul>\n<p><strong>ORGANIGRAMA FUNCIONAL DEL LABORATORIO DE BIOTECNOLOG\u00cdA DE PLANTAS<\/strong><\/p>\n<p style=\"text-align: center;\"><img loading=\"lazy\" decoding=\"async\" class=\" wp-image-469  aligncenter\" alt=\"Organigrama Biotecnolog\u00eda\" src=\"https:\/\/secyt.unf.edu.ar\/wp-content\/uploads\/2013\/09\/Organigrama.jpg\" width=\"1344\" height=\"829\" srcset=\"https:\/\/secyt.unf.edu.ar\/wp-content\/uploads\/2013\/09\/Organigrama.jpg 1344w, https:\/\/secyt.unf.edu.ar\/wp-content\/uploads\/2013\/09\/Organigrama-300x185.jpg 300w, https:\/\/secyt.unf.edu.ar\/wp-content\/uploads\/2013\/09\/Organigrama-1024x631.jpg 1024w, https:\/\/secyt.unf.edu.ar\/wp-content\/uploads\/2013\/09\/Organigrama-640x395.jpg 640w, https:\/\/secyt.unf.edu.ar\/wp-content\/uploads\/2013\/09\/Organigrama-310x190.jpg 310w, https:\/\/secyt.unf.edu.ar\/wp-content\/uploads\/2013\/09\/Organigrama-700x431.jpg 700w\" sizes=\"(max-width: 1344px) 100vw, 1344px\" \/><\/p>\n","protected":false},"excerpt":{"rendered":"<p>FUNDAMENTACI\u00d3N La Biotecnolog\u00eda Vegetal es la aplicaci\u00f3n de herramientas modernas para el mejoramiento de plantas y para la producci\u00f3n de nuevos productos. Es una de las \u00e1reas m\u00e1s novedosas y con mayor potencial en el desarrollo productivo, en especial en la b\u00fasqueda de optimizar los rendimientos a partir de las &#8230;<\/p>\n","protected":false},"author":1,"featured_media":0,"parent":0,"menu_order":0,"comment_status":"open","ping_status":"open","template":"","meta":{"footnotes":""},"_links":{"self":[{"href":"https:\/\/secyt.unf.edu.ar\/index.php?rest_route=\/wp\/v2\/pages\/446"}],"collection":[{"href":"https:\/\/secyt.unf.edu.ar\/index.php?rest_route=\/wp\/v2\/pages"}],"about":[{"href":"https:\/\/secyt.unf.edu.ar\/index.php?rest_route=\/wp\/v2\/types\/page"}],"author":[{"embeddable":true,"href":"https:\/\/secyt.unf.edu.ar\/index.php?rest_route=\/wp\/v2\/users\/1"}],"replies":[{"embeddable":true,"href":"https:\/\/secyt.unf.edu.ar\/index.php?rest_route=%2Fwp%2Fv2%2Fcomments&post=446"}],"version-history":[{"count":20,"href":"https:\/\/secyt.unf.edu.ar\/index.php?rest_route=\/wp\/v2\/pages\/446\/revisions"}],"predecessor-version":[{"id":471,"href":"https:\/\/secyt.unf.edu.ar\/index.php?rest_route=\/wp\/v2\/pages\/446\/revisions\/471"}],"wp:attachment":[{"href":"https:\/\/secyt.unf.edu.ar\/index.php?rest_route=%2Fwp%2Fv2%2Fmedia&parent=446"}],"curies":[{"name":"wp","href":"https:\/\/api.w.org\/{rel}","templated":true}]}}