{"id":509,"date":"2013-10-15T09:02:43","date_gmt":"2013-10-15T12:02:43","guid":{"rendered":"http:\/\/secyt.unf.edu.ar\/?page_id=509"},"modified":"2023-03-08T01:12:28","modified_gmt":"2023-03-08T04:12:28","slug":"entidad-control-lechero-oficial-eclo-no-131","status":"publish","type":"page","link":"https:\/\/secyt.unf.edu.ar\/?page_id=509","title":{"rendered":"Entidad Control Lechero Oficial &#8211; ECLO N\u00ba 131"},"content":{"rendered":"<p>La ECLO N\u00ba 131, fue creada a trav\u00e9s del convenio Universidad Nacional de Formosa- UNaF- y la Asociaci\u00f3n Criadores de Holando Argentino- ACHA-, se rige Institucionalmente por el Reglamento de Control Lechero Oficial y Registro de Cr\u00edas de la ACHA, aprobado por la Secretaria de Agricultura, Ganader\u00eda , pesca y alimentos \u2013SAGPYA, de la Naci\u00f3n seg\u00fan Decreto del PEN N\u00ba 688\/81,con Resoluci\u00f3n N\u00ba 22 del 2 de Agosto de 1982 y Expte N\u00ba 2644\/82 y realiza actividades de asistencia t\u00e9cnica, de extensi\u00f3n y de investigaci\u00f3n.<\/p>\n<p>La Entidad se encuentra en el \u00e1mbito de la Estructura funcional de la Secretaria de Ciencia y Tecnolog\u00eda de la Universidad Nacional de Formosa Generadora de Recursos Propios N\u00ba 004 aprobado por la AFIP-DGI\/S Resoluci\u00f3n General 1415 y se rige por el Reglamento del R\u00e9gimen Normativo de Recursos Propios de la Universidad Nacional de Formosa Resoluci\u00f3n del H.C.S.0125\/06 del 4 de Agosto del 2006.<\/p>\n<p><strong>AREA SERVICIOS A CAMPO<\/strong><\/p>\n<ul>\n<li>Identificaci\u00f3n del rodeo, colocaci\u00f3n de caravanas y tatuaje normas ACHA Resoluci\u00f3n SENASA 370\/07.<\/li>\n<li>Control volum\u00e9trico proporcional de la producci\u00f3n de leche por vaca en orde\u00f1o.<\/li>\n<li>Toma de muestra individual y a granel para an\u00e1lisis en laboratorio.<\/li>\n<li>Relevamiento parcial o total del rodeo para identificar la mastitis cl\u00ednica (incluye seguimiento computarizado de las vacas problemas, recomendaciones para su manejo e informe mensual que incluye un estudio personalizado del tambo sobre las p\u00e9rdidas econ\u00f3micas).<\/li>\n<li>Asesoramiento a los tamberos en la aplicaci\u00f3n del Plan de los 5 Puntos.<\/li>\n<li>Medici\u00f3n de la Condici\u00f3n Corporal (Score) escala de Ferguson. Para su aplicaci\u00f3n nutrici\u00f3n y reproducci\u00f3n.<\/li>\n<li>Fotograf\u00eda de ternera para el registro de Cr\u00eda.<\/li>\n<li>Recepci\u00f3n de informes sobre: Denuncia de partos, nacimientos, servicios, altas, bajas, secas, para su tratamiento en el \u00c1rea Inform\u00e1tica.<\/li>\n<li>Asesoramiento en crianza artificial de terneros.<\/li>\n<li>Consultor\u00eda en problemas asociados al estr\u00e9s cal\u00f3rico.<\/li>\n<\/ul>\n<p><strong>AREA LABORATORIO DE CALIDAD DE LECHE<\/strong><br \/>\nSe realiza un:<\/p>\n<ul>\n<li>An\u00e1lisis composicional (grasa butirosa, prote\u00edna bruta, acidez total, densimetr\u00eda, Cenizas, materia seca, Descenso crioscopico).<\/li>\n<li>An\u00e1lisis higi\u00e9nico (Unidades Formadoras de Colonias e Inhibidores en leche).<\/li>\n<li>An\u00e1lisis sanitario (Conteo de c\u00e9lulas som\u00e1ticas).<\/li>\n<\/ul>\n<p><strong>AREA INFORMATICA Y REGISTRO DE CRIAS &#8211; RED ACHA N\u00b0 88<\/strong><\/p>\n<p>El circuito de control lechero oficial finaliza en esta \u00e1rea con la incorporaci\u00f3n de datos y desarrollos de los distintos tipos de informes mensuales que se les provee a los productores lecheros usuarios de este sistema a trav\u00e9s de papel, CD y correo electr\u00f3nico.<\/p>\n<p><strong>AREA INVESTIGACION Y DESARROLLO TECNOLOGICO<\/strong><\/p>\n<p>La acumulaci\u00f3n de datos, consecuencia de la actividad permanente con los tambos de la regi\u00f3n nos ha permitido crear un \u00e1rea de investigaci\u00f3n, que tiene como objetivo contribuir a resolver los problemas y las inc\u00f3gnitas del proceso productivo en el sector lechero.<br \/>\nProyectos actuales aprobados por el Consejo Federal de Ciencia y Tecnolog\u00eda de la Naci\u00f3n \u2013 COFECYT- L\u00ednea de Financiamiento: Proyectos Federales de Innovaci\u00f3n Productiva \u2013 PFIP-.<\/p>\n<ul>\n<li>\u201cConformaci\u00f3n de la Unidad de Producci\u00f3n Lechera Intensiva Subtropical\u201d \u2013 UPLIS-\u201d. Este proyecto tiene como destinatario los peque\u00f1os y medianos productores lecheros del Departamento Pilcomayo de la Provincia de Formosa con el objeto de ser una unidad lechera de referencia cient\u00edfica, tecnol\u00f3gica y productiva y adem\u00e1s permita la promoci\u00f3n de una lecher\u00eda subtropical. Resoluci\u00f3n SCTIP N\u00ba 928\/06.<\/li>\n<li>\u201cPrograma Integral para la Promoci\u00f3n de la leche de Calidad en tambos\u201d. Convenio de Subvenci\u00f3n n\u00ba 104\/10.Se pretende Incorporar tecnolog\u00edas duras y blandas en los tambos para la obtenci\u00f3n de leche fluida cruda de alta Calidad.<\/li>\n<\/ul>\n<p>Programa especifico:<\/p>\n<ul>\n<li>En la actualidad se est\u00e1 desarrollando un programa computarizado para el monitoreo de la mastitis subcl\u00ednica y su incidencia en la rentabilidad de la empresa l\u00e1ctea.<\/li>\n<\/ul>\n<p><strong>Folleto para descargar:<\/strong>\u00a0<a href=\"https:\/\/secyt.unf.edu.ar\/wp-content\/uploads\/2013\/10\/ECLO-131.pdf\">ECLO 131<\/a><\/p>\n","protected":false},"excerpt":{"rendered":"<p>La ECLO N\u00ba 131, fue creada a trav\u00e9s del convenio Universidad Nacional de Formosa- UNaF- y la Asociaci\u00f3n Criadores de Holando Argentino- ACHA-, se rige Institucionalmente por el Reglamento de Control Lechero Oficial y Registro de Cr\u00edas de la ACHA, aprobado por la Secretaria de Agricultura, Ganader\u00eda , pesca y &#8230;<\/p>\n","protected":false},"author":1,"featured_media":0,"parent":0,"menu_order":0,"comment_status":"open","ping_status":"open","template":"","meta":{"footnotes":""},"_links":{"self":[{"href":"https:\/\/secyt.unf.edu.ar\/index.php?rest_route=\/wp\/v2\/pages\/509"}],"collection":[{"href":"https:\/\/secyt.unf.edu.ar\/index.php?rest_route=\/wp\/v2\/pages"}],"about":[{"href":"https:\/\/secyt.unf.edu.ar\/index.php?rest_route=\/wp\/v2\/types\/page"}],"author":[{"embeddable":true,"href":"https:\/\/secyt.unf.edu.ar\/index.php?rest_route=\/wp\/v2\/users\/1"}],"replies":[{"embeddable":true,"href":"https:\/\/secyt.unf.edu.ar\/index.php?rest_route=%2Fwp%2Fv2%2Fcomments&post=509"}],"version-history":[{"count":7,"href":"https:\/\/secyt.unf.edu.ar\/index.php?rest_route=\/wp\/v2\/pages\/509\/revisions"}],"predecessor-version":[{"id":2047,"href":"https:\/\/secyt.unf.edu.ar\/index.php?rest_route=\/wp\/v2\/pages\/509\/revisions\/2047"}],"wp:attachment":[{"href":"https:\/\/secyt.unf.edu.ar\/index.php?rest_route=%2Fwp%2Fv2%2Fmedia&parent=509"}],"curies":[{"name":"wp","href":"https:\/\/api.w.org\/{rel}","templated":true}]}}